{"id":2711,"date":"2019-04-18T09:58:03","date_gmt":"2019-04-18T09:58:03","guid":{"rendered":"http:\/\/w-master-publisher.com\/?page_id=10"},"modified":"2022-11-11T18:18:20","modified_gmt":"2022-11-11T18:18:20","slug":"explore","status":"publish","type":"page","link":"https:\/\/sherbimerinore.observator.org.al\/njesia-administrative\/","title":{"rendered":"Harta e sh\u00ebrbimeve p\u00ebr t\u00eb rinjt\u00eb"},"content":{"rendered":"","protected":false},"excerpt":{"rendered":"","protected":false},"author":1,"featured_media":0,"parent":0,"menu_order":0,"comment_status":"closed","ping_status":"closed","template":"","meta":{"footnotes":""},"class_list":["post-2711","page","type-page","status-publish","hentry"],"_links":{"self":[{"href":"https:\/\/sherbimerinore.observator.org.al\/njesia-administrative\/wp-json\/wp\/v2\/pages\/2711","targetHints":{"allow":["GET"]}}],"collection":[{"href":"https:\/\/sherbimerinore.observator.org.al\/njesia-administrative\/wp-json\/wp\/v2\/pages"}],"about":[{"href":"https:\/\/sherbimerinore.observator.org.al\/njesia-administrative\/wp-json\/wp\/v2\/types\/page"}],"author":[{"embeddable":true,"href":"https:\/\/sherbimerinore.observator.org.al\/njesia-administrative\/wp-json\/wp\/v2\/users\/1"}],"replies":[{"embeddable":true,"href":"https:\/\/sherbimerinore.observator.org.al\/njesia-administrative\/wp-json\/wp\/v2\/comments?post=2711"}],"version-history":[{"count":1,"href":"https:\/\/sherbimerinore.observator.org.al\/njesia-administrative\/wp-json\/wp\/v2\/pages\/2711\/revisions"}],"predecessor-version":[{"id":8578,"href":"https:\/\/sherbimerinore.observator.org.al\/njesia-administrative\/wp-json\/wp\/v2\/pages\/2711\/revisions\/8578"}],"wp:attachment":[{"href":"https:\/\/sherbimerinore.observator.org.al\/njesia-administrative\/wp-json\/wp\/v2\/media?parent=2711"}],"curies":[{"name":"wp","href":"https:\/\/api.w.org\/{rel}","templated":true}]}}